{"id":22,"date":"2011-12-13T16:25:34","date_gmt":"2011-12-13T16:25:34","guid":{"rendered":"http:\/\/www.mecanizadosaxpe.com\/?page_id=22"},"modified":"2016-05-09T10:33:54","modified_gmt":"2016-05-09T10:33:54","slug":"informacion-legal","status":"publish","type":"page","link":"https:\/\/mecanizadosaxpe.com\/es\/informacion-legal\/","title":{"rendered":"Informaci\u00f3n legal"},"content":{"rendered":"<p>AXPE MECANIZADOS S.L. cumple con los requisitos establecidos en la Ley 34\/2002, de 11 de Julio, de Servicios de la Sociedad de la Informaci\u00f3n y Comercio Electr\u00f3nico, en la Ley 56\/2007, de 28 de diciembre de Medidas de Impulso de la Sociedad de la Informaci\u00f3n, as\u00ed como en la Ley Org\u00e1nica 15\/1999, de 13 de diciembre, sobre Protecci\u00f3n de Datos de Car\u00e1cter Personal y su normativa de desarrollo (RD 1720\/2007, de 21 de diciembre, por el que se aprueba el Reglamento de Desarrollo de la Ley Org\u00e1nica 15\/1999 de Protecci\u00f3n de Datos de Car\u00e1cter Personal) a tal fin ha creado las siguientes condiciones de uso:<\/p>\n<address>Axpe Mecanizados S.L<\/address>\n<address>C\/Telleria, 19 Pabell\u00f3n B6. 20570 Bergara (Gipuzkoa)<\/address>\n<address>CIF: B-20710000<\/address>\n<address>Tfno: +34 943 741 909<\/address>\n<address><a href=\"mailto:info@mecanizadosaxpe.com\">info@mecanizadosaxpe.com<\/a><\/address>\n<p><strong>Propiedad intelectual e industrial<\/strong><\/p>\n<p>Las presentes Condiciones de Uso regulan el acceso y la utilizaci\u00f3n del Portal, incluyendo los contenidos y los servicios puestos a disposici\u00f3n de los Usuarios en y\/o a trav\u00e9s del Portal, bien por AXPE MECANIZADOS S.L., bien por sus Usuarios, bien por cualesquiera terceros. Todos los contenidos de la presente p\u00e1gina web, incluyendo sin car\u00e1cter limitativo, textos, gr\u00e1ficos, im\u00e1genes, su diseno y los derechos de propiedad intelectual que pudieran corresponder a dichos contenidos, as\u00ed como todas las marcas, nombres comerciales o cualquier otro signo distintivo son propiedad de AXPE MECANIZADOS S.L. o de sus leg\u00edtimos propietarios, quedando reservados todos los derechos sobre los mismos.<\/p>","protected":false},"excerpt":{"rendered":"<p>AXPE MECANIZADOS S.L. cumple con los requisitos establecidos en la Ley 34\/2002, de 11 de Julio, de Servicios de la Sociedad de la Informaci\u00f3n y Comercio Electr\u00f3nico, en la Ley 56\/2007, de 28 de diciembre de Medidas de Impulso de &hellip; <a href=\"https:\/\/mecanizadosaxpe.com\/es\/informacion-legal\/\">Sigue leyendo <span class=\"meta-nav\">&rarr;<\/span><\/a><\/p>\n","protected":false},"author":2,"featured_media":0,"parent":0,"menu_order":0,"comment_status":"closed","ping_status":"closed","template":"content-page-sinplea.php","meta":{"footnotes":""},"class_list":["post-22","page","type-page","status-publish","hentry"],"yoast_head":"<!-- This site is optimized with the Yoast SEO plugin v25.4 - https:\/\/yoast.com\/wordpress\/plugins\/seo\/ -->\n<title>Informaci\u00f3n legal - Mecanizados Axpe<\/title>\n<meta name=\"robots\" content=\"noindex, follow\" \/>\n<meta property=\"og:locale\" content=\"es_ES\" \/>\n<meta property=\"og:type\" content=\"article\" \/>\n<meta property=\"og:title\" content=\"Informaci\u00f3n legal - Mecanizados Axpe\" \/>\n<meta property=\"og:description\" content=\"AXPE MECANIZADOS S.L. cumple con los requisitos establecidos en la Ley 34\/2002, de 11 de Julio, de Servicios de la Sociedad de la Informaci\u00f3n y Comercio Electr\u00f3nico, en la Ley 56\/2007, de 28 de diciembre de Medidas de Impulso de &hellip; Sigue leyendo &rarr;\" \/>\n<meta property=\"og:url\" content=\"https:\/\/www.mecanizadosaxpe.com\/es\/informacion-legal\/\" \/>\n<meta property=\"og:site_name\" content=\"Mecanizados Axpe\" \/>\n<meta property=\"article:modified_time\" content=\"2016-05-09T10:33:54+00:00\" \/>\n<meta name=\"twitter:card\" content=\"summary_large_image\" \/>\n<meta name=\"twitter:label1\" content=\"Est. reading time\" \/>\n\t<meta name=\"twitter:data1\" content=\"3 minutos\" \/>\n<script type=\"application\/ld+json\" class=\"yoast-schema-graph\">{\"@context\":\"https:\/\/schema.org\",\"@graph\":[{\"@type\":\"WebPage\",\"@id\":\"https:\/\/www.mecanizadosaxpe.com\/es\/informacion-legal\/\",\"url\":\"https:\/\/www.mecanizadosaxpe.com\/es\/informacion-legal\/\",\"name\":\"Informaci\u00f3n legal - Mecanizados Axpe\",\"isPartOf\":{\"@id\":\"https:\/\/mecanizadosaxpe.com\/es\/#website\"},\"datePublished\":\"2011-12-13T16:25:34+00:00\",\"dateModified\":\"2016-05-09T10:33:54+00:00\",\"breadcrumb\":{\"@id\":\"https:\/\/www.mecanizadosaxpe.com\/es\/informacion-legal\/#breadcrumb\"},\"inLanguage\":\"es\",\"potentialAction\":[{\"@type\":\"ReadAction\",\"target\":[\"https:\/\/www.mecanizadosaxpe.com\/es\/informacion-legal\/\"]}]},{\"@type\":\"BreadcrumbList\",\"@id\":\"https:\/\/www.mecanizadosaxpe.com\/es\/informacion-legal\/#breadcrumb\",\"itemListElement\":[{\"@type\":\"ListItem\",\"position\":1,\"name\":\"Portada\",\"item\":\"https:\/\/mecanizadosaxpe.com\/es\/\"},{\"@type\":\"ListItem\",\"position\":2,\"name\":\"Informaci\u00f3n legal\"}]},{\"@type\":\"WebSite\",\"@id\":\"https:\/\/mecanizadosaxpe.com\/es\/#website\",\"url\":\"https:\/\/mecanizadosaxpe.com\/es\/\",\"name\":\"Mecanizados Axpe\",\"description\":\"\",\"potentialAction\":[{\"@type\":\"SearchAction\",\"target\":{\"@type\":\"EntryPoint\",\"urlTemplate\":\"https:\/\/mecanizadosaxpe.com\/es\/?s={search_term_string}\"},\"query-input\":{\"@type\":\"PropertyValueSpecification\",\"valueRequired\":true,\"valueName\":\"search_term_string\"}}],\"inLanguage\":\"es\"}]}<\/script>\n<!-- \/ Yoast SEO plugin. -->","yoast_head_json":{"title":"Informaci\u00f3n legal - Mecanizados Axpe","robots":{"index":"noindex","follow":"follow"},"og_locale":"es_ES","og_type":"article","og_title":"Informaci\u00f3n legal - Mecanizados Axpe","og_description":"AXPE MECANIZADOS S.L. cumple con los requisitos establecidos en la Ley 34\/2002, de 11 de Julio, de Servicios de la Sociedad de la Informaci\u00f3n y Comercio Electr\u00f3nico, en la Ley 56\/2007, de 28 de diciembre de Medidas de Impulso de &hellip; Sigue leyendo &rarr;","og_url":"https:\/\/www.mecanizadosaxpe.com\/es\/informacion-legal\/","og_site_name":"Mecanizados Axpe","article_modified_time":"2016-05-09T10:33:54+00:00","twitter_card":"summary_large_image","twitter_misc":{"Est. reading time":"3 minutos"},"schema":{"@context":"https:\/\/schema.org","@graph":[{"@type":"WebPage","@id":"https:\/\/www.mecanizadosaxpe.com\/es\/informacion-legal\/","url":"https:\/\/www.mecanizadosaxpe.com\/es\/informacion-legal\/","name":"Informaci\u00f3n legal - Mecanizados Axpe","isPartOf":{"@id":"https:\/\/mecanizadosaxpe.com\/es\/#website"},"datePublished":"2011-12-13T16:25:34+00:00","dateModified":"2016-05-09T10:33:54+00:00","breadcrumb":{"@id":"https:\/\/www.mecanizadosaxpe.com\/es\/informacion-legal\/#breadcrumb"},"inLanguage":"es","potentialAction":[{"@type":"ReadAction","target":["https:\/\/www.mecanizadosaxpe.com\/es\/informacion-legal\/"]}]},{"@type":"BreadcrumbList","@id":"https:\/\/www.mecanizadosaxpe.com\/es\/informacion-legal\/#breadcrumb","itemListElement":[{"@type":"ListItem","position":1,"name":"Portada","item":"https:\/\/mecanizadosaxpe.com\/es\/"},{"@type":"ListItem","position":2,"name":"Informaci\u00f3n legal"}]},{"@type":"WebSite","@id":"https:\/\/mecanizadosaxpe.com\/es\/#website","url":"https:\/\/mecanizadosaxpe.com\/es\/","name":"Mecanizados Axpe","description":"","potentialAction":[{"@type":"SearchAction","target":{"@type":"EntryPoint","urlTemplate":"https:\/\/mecanizadosaxpe.com\/es\/?s={search_term_string}"},"query-input":{"@type":"PropertyValueSpecification","valueRequired":true,"valueName":"search_term_string"}}],"inLanguage":"es"}]}},"_links":{"self":[{"href":"https:\/\/mecanizadosaxpe.com\/es\/wp-json\/wp\/v2\/pages\/22","targetHints":{"allow":["GET"]}}],"collection":[{"href":"https:\/\/mecanizadosaxpe.com\/es\/wp-json\/wp\/v2\/pages"}],"about":[{"href":"https:\/\/mecanizadosaxpe.com\/es\/wp-json\/wp\/v2\/types\/page"}],"author":[{"embeddable":true,"href":"https:\/\/mecanizadosaxpe.com\/es\/wp-json\/wp\/v2\/users\/2"}],"replies":[{"embeddable":true,"href":"https:\/\/mecanizadosaxpe.com\/es\/wp-json\/wp\/v2\/comments?post=22"}],"version-history":[{"count":20,"href":"https:\/\/mecanizadosaxpe.com\/es\/wp-json\/wp\/v2\/pages\/22\/revisions"}],"predecessor-version":[{"id":427,"href":"https:\/\/mecanizadosaxpe.com\/es\/wp-json\/wp\/v2\/pages\/22\/revisions\/427"}],"wp:attachment":[{"href":"https:\/\/mecanizadosaxpe.com\/es\/wp-json\/wp\/v2\/media?parent=22"}],"curies":[{"name":"wp","href":"https:\/\/api.w.org\/{rel}","templated":true}]}}