{"id":4,"date":"2011-12-13T15:48:56","date_gmt":"2011-12-13T15:48:56","guid":{"rendered":"http:\/\/www.mecanizadosaxpe.com\/?page_id=4"},"modified":"2016-05-09T10:34:25","modified_gmt":"2016-05-09T10:34:25","slug":"quienes-somos","status":"publish","type":"page","link":"https:\/\/mecanizadosaxpe.com\/es\/quienes-somos\/","title":{"rendered":"Qui\u00e9nes somos"},"content":{"rendered":"<p>Axpe Mecanizados S.L es una empresa situada en Bergara con m\u00e1s de 30 a\u00f1os de experiencia en el sector. Damos respuesta a una amplia gama de productos de mecanizado destinados a <a title=\"qu\u00e9 hacemos\" href=\"http:\/\/www.mecanizadosaxpe.com\/es\/que-hacemos\/\"><span style=\"text-decoration: underline;\">diferentes sectores industriales<\/span><\/a>.<\/p>\n<p>En Axpe Mecanizados apostamos por la <a title=\"innovaci\u00f3n y calidad\" href=\"http:\/\/www.mecanizadosaxpe.com\/es\/innovacion-calidad\/\"><span style=\"text-decoration: underline;\">innovaci\u00f3n<\/span> <\/a>y las nuevas tecnolog\u00edas con un \u00fanico objetivo: obtener un nivel de calidad y servicio excelentes para nuestros clientes. Para ello contamos con medios de producci\u00f3n avanzados y personal cualificado.<\/p>\n<p>En nuestro sitio web podr\u00e1s lo <a title=\"qu\u00e9 hacemos\" href=\"http:\/\/www.mecanizadosaxpe.com\/es\/que-hacemos\/\"><span style=\"text-decoration: underline;\">qu\u00e9 hacemos<\/span><\/a> y <a title=\"c\u00f3mo lo hacemos\" href=\"http:\/\/www.mecanizadosaxpe.com\/es\/medios-productivos\/\"><span style=\"text-decoration: underline;\">c\u00f3mo lo hacemos<\/span><\/a>.<\/p>\n<p><img loading=\"lazy\" decoding=\"async\" class=\" wp-image-174 aligncenter\" title=\"inicio\" src=\"http:\/\/www.mecanizadosaxpe.com\/wp-content\/uploads\/2011\/12\/inicio.jpg\" alt=\"\" width=\"600\" height=\"212\" srcset=\"https:\/\/mecanizadosaxpe.com\/wp-content\/uploads\/2011\/12\/inicio.jpg 600w, https:\/\/mecanizadosaxpe.com\/wp-content\/uploads\/2011\/12\/inicio-300x106.jpg 300w, https:\/\/mecanizadosaxpe.com\/wp-content\/uploads\/2011\/12\/inicio-500x176.jpg 500w\" sizes=\"auto, (max-width: 600px) 100vw, 600px\" \/><\/p>\n<p>Por supuesto, si quieres ponerte en contacto con nosotros puedes hacerlo a trav\u00e9s de la secci\u00f3n de <a title=\"localizaci\u00f3n y contacto\" href=\"http:\/\/www.mecanizadosaxpe.com\/es\/localizacion-contacto\/\"><span style=\"text-decoration: underline;\">localizaci\u00f3n y contacto<\/span><\/a>.<\/p>","protected":false},"excerpt":{"rendered":"<p>Axpe Mecanizados S.L es una empresa situada en Bergara con m\u00e1s de 30 a\u00f1os de experiencia en el sector. Damos respuesta a una amplia gama de productos de mecanizado destinados a diferentes sectores industriales. En Axpe Mecanizados apostamos por la &hellip; <a href=\"https:\/\/mecanizadosaxpe.com\/es\/quienes-somos\/\">Sigue leyendo <span class=\"meta-nav\">&rarr;<\/span><\/a><\/p>\n","protected":false},"author":2,"featured_media":0,"parent":0,"menu_order":0,"comment_status":"open","ping_status":"closed","template":"content-page-sinplea.php","meta":{"footnotes":""},"class_list":["post-4","page","type-page","status-publish","hentry"],"yoast_head":"<!-- This site is optimized with the Yoast SEO plugin v25.4 - https:\/\/yoast.com\/wordpress\/plugins\/seo\/ -->\n<title>Qui\u00e9nes somos - Mecanizados Axpe<\/title>\n<meta name=\"robots\" content=\"noindex, follow\" \/>\n<meta property=\"og:locale\" content=\"es_ES\" \/>\n<meta property=\"og:type\" content=\"article\" \/>\n<meta property=\"og:title\" content=\"Qui\u00e9nes somos - Mecanizados Axpe\" \/>\n<meta property=\"og:description\" content=\"Axpe Mecanizados S.L es una empresa situada en Bergara con m\u00e1s de 30 a\u00f1os de experiencia en el sector. Damos respuesta a una amplia gama de productos de mecanizado destinados a diferentes sectores industriales. En Axpe Mecanizados apostamos por la &hellip; Sigue leyendo &rarr;\" \/>\n<meta property=\"og:url\" content=\"https:\/\/mecanizadosaxpe.com\/es\/quienes-somos\/\" \/>\n<meta property=\"og:site_name\" content=\"Mecanizados Axpe\" \/>\n<meta property=\"article:modified_time\" content=\"2016-05-09T10:34:25+00:00\" \/>\n<meta property=\"og:image\" content=\"http:\/\/www.mecanizadosaxpe.com\/wp-content\/uploads\/2011\/12\/inicio.jpg\" \/>\n<meta name=\"twitter:card\" content=\"summary_large_image\" \/>\n<meta name=\"twitter:label1\" content=\"Est. reading time\" \/>\n\t<meta name=\"twitter:data1\" content=\"1 minuto\" \/>\n<script type=\"application\/ld+json\" class=\"yoast-schema-graph\">{\"@context\":\"https:\/\/schema.org\",\"@graph\":[{\"@type\":\"WebPage\",\"@id\":\"https:\/\/mecanizadosaxpe.com\/es\/quienes-somos\/\",\"url\":\"https:\/\/mecanizadosaxpe.com\/es\/quienes-somos\/\",\"name\":\"Qui\u00e9nes somos - Mecanizados Axpe\",\"isPartOf\":{\"@id\":\"https:\/\/mecanizadosaxpe.com\/es\/#website\"},\"primaryImageOfPage\":{\"@id\":\"https:\/\/mecanizadosaxpe.com\/es\/quienes-somos\/#primaryimage\"},\"image\":{\"@id\":\"https:\/\/mecanizadosaxpe.com\/es\/quienes-somos\/#primaryimage\"},\"thumbnailUrl\":\"http:\/\/www.mecanizadosaxpe.com\/wp-content\/uploads\/2011\/12\/inicio.jpg\",\"datePublished\":\"2011-12-13T15:48:56+00:00\",\"dateModified\":\"2016-05-09T10:34:25+00:00\",\"breadcrumb\":{\"@id\":\"https:\/\/mecanizadosaxpe.com\/es\/quienes-somos\/#breadcrumb\"},\"inLanguage\":\"es\",\"potentialAction\":[{\"@type\":\"ReadAction\",\"target\":[\"https:\/\/mecanizadosaxpe.com\/es\/quienes-somos\/\"]}]},{\"@type\":\"ImageObject\",\"inLanguage\":\"es\",\"@id\":\"https:\/\/mecanizadosaxpe.com\/es\/quienes-somos\/#primaryimage\",\"url\":\"http:\/\/www.mecanizadosaxpe.com\/wp-content\/uploads\/2011\/12\/inicio.jpg\",\"contentUrl\":\"http:\/\/www.mecanizadosaxpe.com\/wp-content\/uploads\/2011\/12\/inicio.jpg\"},{\"@type\":\"BreadcrumbList\",\"@id\":\"https:\/\/mecanizadosaxpe.com\/es\/quienes-somos\/#breadcrumb\",\"itemListElement\":[{\"@type\":\"ListItem\",\"position\":1,\"name\":\"Portada\",\"item\":\"https:\/\/mecanizadosaxpe.com\/es\/\"},{\"@type\":\"ListItem\",\"position\":2,\"name\":\"Qui\u00e9nes somos\"}]},{\"@type\":\"WebSite\",\"@id\":\"https:\/\/mecanizadosaxpe.com\/es\/#website\",\"url\":\"https:\/\/mecanizadosaxpe.com\/es\/\",\"name\":\"Mecanizados Axpe\",\"description\":\"\",\"potentialAction\":[{\"@type\":\"SearchAction\",\"target\":{\"@type\":\"EntryPoint\",\"urlTemplate\":\"https:\/\/mecanizadosaxpe.com\/es\/?s={search_term_string}\"},\"query-input\":{\"@type\":\"PropertyValueSpecification\",\"valueRequired\":true,\"valueName\":\"search_term_string\"}}],\"inLanguage\":\"es\"}]}<\/script>\n<!-- \/ Yoast SEO plugin. -->","yoast_head_json":{"title":"Qui\u00e9nes somos - Mecanizados Axpe","robots":{"index":"noindex","follow":"follow"},"og_locale":"es_ES","og_type":"article","og_title":"Qui\u00e9nes somos - Mecanizados Axpe","og_description":"Axpe Mecanizados S.L es una empresa situada en Bergara con m\u00e1s de 30 a\u00f1os de experiencia en el sector. Damos respuesta a una amplia gama de productos de mecanizado destinados a diferentes sectores industriales. En Axpe Mecanizados apostamos por la &hellip; Sigue leyendo &rarr;","og_url":"https:\/\/mecanizadosaxpe.com\/es\/quienes-somos\/","og_site_name":"Mecanizados Axpe","article_modified_time":"2016-05-09T10:34:25+00:00","og_image":[{"url":"http:\/\/www.mecanizadosaxpe.com\/wp-content\/uploads\/2011\/12\/inicio.jpg","type":"","width":"","height":""}],"twitter_card":"summary_large_image","twitter_misc":{"Est. reading time":"1 minuto"},"schema":{"@context":"https:\/\/schema.org","@graph":[{"@type":"WebPage","@id":"https:\/\/mecanizadosaxpe.com\/es\/quienes-somos\/","url":"https:\/\/mecanizadosaxpe.com\/es\/quienes-somos\/","name":"Qui\u00e9nes somos - Mecanizados Axpe","isPartOf":{"@id":"https:\/\/mecanizadosaxpe.com\/es\/#website"},"primaryImageOfPage":{"@id":"https:\/\/mecanizadosaxpe.com\/es\/quienes-somos\/#primaryimage"},"image":{"@id":"https:\/\/mecanizadosaxpe.com\/es\/quienes-somos\/#primaryimage"},"thumbnailUrl":"http:\/\/www.mecanizadosaxpe.com\/wp-content\/uploads\/2011\/12\/inicio.jpg","datePublished":"2011-12-13T15:48:56+00:00","dateModified":"2016-05-09T10:34:25+00:00","breadcrumb":{"@id":"https:\/\/mecanizadosaxpe.com\/es\/quienes-somos\/#breadcrumb"},"inLanguage":"es","potentialAction":[{"@type":"ReadAction","target":["https:\/\/mecanizadosaxpe.com\/es\/quienes-somos\/"]}]},{"@type":"ImageObject","inLanguage":"es","@id":"https:\/\/mecanizadosaxpe.com\/es\/quienes-somos\/#primaryimage","url":"http:\/\/www.mecanizadosaxpe.com\/wp-content\/uploads\/2011\/12\/inicio.jpg","contentUrl":"http:\/\/www.mecanizadosaxpe.com\/wp-content\/uploads\/2011\/12\/inicio.jpg"},{"@type":"BreadcrumbList","@id":"https:\/\/mecanizadosaxpe.com\/es\/quienes-somos\/#breadcrumb","itemListElement":[{"@type":"ListItem","position":1,"name":"Portada","item":"https:\/\/mecanizadosaxpe.com\/es\/"},{"@type":"ListItem","position":2,"name":"Qui\u00e9nes somos"}]},{"@type":"WebSite","@id":"https:\/\/mecanizadosaxpe.com\/es\/#website","url":"https:\/\/mecanizadosaxpe.com\/es\/","name":"Mecanizados Axpe","description":"","potentialAction":[{"@type":"SearchAction","target":{"@type":"EntryPoint","urlTemplate":"https:\/\/mecanizadosaxpe.com\/es\/?s={search_term_string}"},"query-input":{"@type":"PropertyValueSpecification","valueRequired":true,"valueName":"search_term_string"}}],"inLanguage":"es"}]}},"_links":{"self":[{"href":"https:\/\/mecanizadosaxpe.com\/es\/wp-json\/wp\/v2\/pages\/4","targetHints":{"allow":["GET"]}}],"collection":[{"href":"https:\/\/mecanizadosaxpe.com\/es\/wp-json\/wp\/v2\/pages"}],"about":[{"href":"https:\/\/mecanizadosaxpe.com\/es\/wp-json\/wp\/v2\/types\/page"}],"author":[{"embeddable":true,"href":"https:\/\/mecanizadosaxpe.com\/es\/wp-json\/wp\/v2\/users\/2"}],"replies":[{"embeddable":true,"href":"https:\/\/mecanizadosaxpe.com\/es\/wp-json\/wp\/v2\/comments?post=4"}],"version-history":[{"count":56,"href":"https:\/\/mecanizadosaxpe.com\/es\/wp-json\/wp\/v2\/pages\/4\/revisions"}],"predecessor-version":[{"id":438,"href":"https:\/\/mecanizadosaxpe.com\/es\/wp-json\/wp\/v2\/pages\/4\/revisions\/438"}],"wp:attachment":[{"href":"https:\/\/mecanizadosaxpe.com\/es\/wp-json\/wp\/v2\/media?parent=4"}],"curies":[{"name":"wp","href":"https:\/\/api.w.org\/{rel}","templated":true}]}}