{"id":8,"date":"2011-12-13T15:49:48","date_gmt":"2011-12-13T15:49:48","guid":{"rendered":"http:\/\/www.mecanizadosaxpe.com\/?page_id=8"},"modified":"2016-05-09T07:42:17","modified_gmt":"2016-05-09T07:42:17","slug":"como-lo-hacemos","status":"publish","type":"page","link":"https:\/\/mecanizadosaxpe.com\/es\/medios-productivos\/","title":{"rendered":"Medios productivos"},"content":{"rendered":"<p>Nuestra metodolog\u00eda de trabajo es simple y eficaz, siempre orientada a conseguir la plena satisfacci\u00f3n del cliente mediante el cumplimiento del nivel de calidad, la respuesta a los requerimientos y la entrega en plazos.<\/p>\n<table style=\"border: 0;\">\n<tbody>\n<tr>\n<td>\n<p style=\"text-align: center;\"><a href=\"http:\/\/www.mecanizadosaxpe.com\/wp-content\/uploads\/2011\/12\/quehacemos_produccion.jpg\"><img loading=\"lazy\" decoding=\"async\" class=\"aligncenter wp-image-305\" title=\"quehacemos_produccion\" src=\"http:\/\/www.mecanizadosaxpe.com\/wp-content\/uploads\/2011\/12\/quehacemos_produccion.jpg\" alt=\"\" width=\"132\" height=\"108\" \/><\/a><\/p>\n<\/td>\n<td class=\"flecha\"><img loading=\"lazy\" decoding=\"async\" class=\"aligncenter wp-image-235\" title=\"1331752556_forward\" src=\"http:\/\/www.mecanizadosaxpe.com\/wp-content\/uploads\/2011\/12\/1331752556_forward.png\" alt=\"\" width=\"46\" height=\"46\" \/><\/td>\n<td>\n<p style=\"text-align: center;\"><a href=\"http:\/\/www.mecanizadosaxpe.com\/wp-content\/uploads\/2011\/12\/MEDIOS2.jpg\"><img loading=\"lazy\" decoding=\"async\" class=\"aligncenter wp-image-302\" title=\"MEDIOS2\" src=\"http:\/\/www.mecanizadosaxpe.com\/wp-content\/uploads\/2011\/12\/MEDIOS2.jpg\" alt=\"\" width=\"151\" height=\"104\" \/><\/a><\/p>\n<\/td>\n<td class=\"flecha\"><img loading=\"lazy\" decoding=\"async\" class=\"aligncenter wp-image-235\" title=\"1331752556_forward\" src=\"http:\/\/www.mecanizadosaxpe.com\/wp-content\/uploads\/2011\/12\/1331752556_forward.png\" alt=\"\" width=\"46\" height=\"46\" \/><\/td>\n<td><a href=\"http:\/\/www.mecanizadosaxpe.com\/wp-content\/uploads\/2011\/12\/medicion_peke.jpg\"><img loading=\"lazy\" decoding=\"async\" class=\"aligncenter wp-image-303\" title=\"medicion_peke\" src=\"http:\/\/www.mecanizadosaxpe.com\/wp-content\/uploads\/2011\/12\/medicion_peke.jpg\" alt=\"\" width=\"140\" height=\"108\" \/><\/a><\/td>\n<td class=\"flecha\"><img loading=\"lazy\" decoding=\"async\" class=\"aligncenter wp-image-235\" title=\"1331752556_forward\" src=\"http:\/\/www.mecanizadosaxpe.com\/wp-content\/uploads\/2011\/12\/1331752556_forward.png\" alt=\"\" width=\"46\" height=\"46\" \/><\/td>\n<td><a href=\"http:\/\/www.mecanizadosaxpe.com\/wp-content\/uploads\/2011\/12\/ENTREGA.jpg\"><img loading=\"lazy\" decoding=\"async\" class=\"aligncenter wp-image-304\" title=\"ENTREGA\" src=\"http:\/\/www.mecanizadosaxpe.com\/wp-content\/uploads\/2011\/12\/ENTREGA.jpg\" alt=\"\" width=\"158\" height=\"109\" \/><\/a><\/td>\n<\/tr>\n<tr>\n<td style=\"text-align: center;\"><strong>Inicio de proyecto:<\/strong> Preparaci\u00f3n de presupuesto seg\u00fan dise\u00f1o\/plano\/geometr\u00eda.<\/td>\n<td><\/td>\n<td style=\"text-align: center;\"><strong>Proceso de mecanizado.<\/strong><\/td>\n<td><\/td>\n<td style=\"text-align: center;\"><strong>Control de calidad:<\/strong> medici\u00f3n y certificaci\u00f3n.<\/td>\n<td><\/td>\n<td style=\"text-align: center;\"><strong>Entrega:<\/strong> opci\u00f3n de entrega con veh\u00edculo propio.<\/td>\n<\/tr>\n<\/tbody>\n<\/table>\n<h2>Medios de producci\u00f3n:<\/h2>\n<table class=\"medios_produccion\">\n<tbody>\n<tr>\n<td><a href=\"http:\/\/www.mecanizadosaxpe.com\/wp-content\/uploads\/2011\/12\/FOTO1.jpg\"><img loading=\"lazy\" decoding=\"async\" class=\"wp-image-309 alignleft\" title=\"FOTO1\" src=\"http:\/\/www.mecanizadosaxpe.com\/wp-content\/uploads\/2011\/12\/FOTO1.jpg\" alt=\"\" width=\"180\" height=\"120\" \/><\/a><\/td>\n<td style=\"text-align: justify;\"><strong>Centro de mecanizado Deckel Maho. Modelo DMF 220 LINEAR<\/strong>: Maquina de alta velocidad, equipada con control Heidehain 530, enfocada a trabajos de copiado en 3D, as\u00ed como para pieza seriada de gran precisi\u00f3n. Recorridos : X 2200 mm. Y 560 mm. Z 720 mm<\/td>\n<\/tr>\n<tr>\n<td><a href=\"http:\/\/www.mecanizadosaxpe.com\/wp-content\/uploads\/2011\/12\/MG_0539.jpg\"><img loading=\"lazy\" decoding=\"async\" class=\" wp-image-246 alignleft\" title=\"_MG_0539\" src=\"http:\/\/www.mecanizadosaxpe.com\/wp-content\/uploads\/2011\/12\/MG_0539-300x200.jpg\" alt=\"\" width=\"180\" height=\"120\" srcset=\"https:\/\/mecanizadosaxpe.com\/wp-content\/uploads\/2011\/12\/MG_0539-300x200.jpg 300w, https:\/\/mecanizadosaxpe.com\/wp-content\/uploads\/2011\/12\/MG_0539-1024x682.jpg 1024w, https:\/\/mecanizadosaxpe.com\/wp-content\/uploads\/2011\/12\/MG_0539-450x300.jpg 450w, https:\/\/mecanizadosaxpe.com\/wp-content\/uploads\/2011\/12\/MG_0539.jpg 1092w\" sizes=\"auto, (max-width: 180px) 100vw, 180px\" \/><\/a><\/td>\n<td style=\"text-align: justify;\"><strong>Centro de mecanizado KIA V 35II<\/strong>: Para trabajos en serie, equipado con cuarto eje divisor. Recorridos: X: 600mm, Y: 550mm Z: 550mm<\/td>\n<\/tr>\n<tr>\n<td><a href=\"http:\/\/www.mecanizadosaxpe.com\/wp-content\/uploads\/2011\/12\/HYUNDAI-HIT-30.jpg\"><img loading=\"lazy\" decoding=\"async\" class=\"wp-image-280 alignleft\" title=\"HYUNDAI HIT-30\" src=\"http:\/\/www.mecanizadosaxpe.com\/wp-content\/uploads\/2011\/12\/HYUNDAI-HIT-30.jpg\" alt=\"\" width=\"178\" height=\"125\" \/><\/a><\/td>\n<td style=\"text-align: justify;\"><strong>Torno CNC HYUNDAI HIT-30<\/strong>: D m\u00e1x. torneable 360mm. Longitud max. torneable 1000mm entre puntos. Equipada con control conversacional Siemens Hitrol.<\/td>\n<\/tr>\n<tr>\n<td><a href=\"http:\/\/www.mecanizadosaxpe.com\/wp-content\/uploads\/2011\/12\/FOTO4.gif\"><img loading=\"lazy\" decoding=\"async\" class=\"wp-image-310 alignleft\" title=\"FOTO4\" src=\"http:\/\/www.mecanizadosaxpe.com\/wp-content\/uploads\/2011\/12\/FOTO4.gif\" alt=\"\" width=\"180\" height=\"120\" \/><\/a><\/td>\n<td><strong>Torno CNC GOOD WAY GCL-2L<\/strong>: D m\u00e1x. torneable 260mm. Longitud max. torneable 600mm entre puntos. Equipada con alimentador autom\u00e1tico de barra LNS Hydrobar. Paso de barra 52 mm.<\/td>\n<\/tr>\n<tr>\n<td><a href=\"http:\/\/www.mecanizadosaxpe.com\/wp-content\/uploads\/2011\/12\/FOTO5.jpg\"><img loading=\"lazy\" decoding=\"async\" class=\"wp-image-311 alignleft\" title=\"FOTO5\" src=\"http:\/\/www.mecanizadosaxpe.com\/wp-content\/uploads\/2011\/12\/FOTO5.jpg\" alt=\"\" width=\"180\" height=\"120\" \/><\/a><\/td>\n<td><strong>Torno CNC CMZ TL25BM<\/strong> : D m\u00e1x. torneable 420mm. Longitud max. torneable 700mm entre puntos. Equipado con torreta motorizada.<\/td>\n<\/tr>\n<tr>\n<td><a href=\"http:\/\/www.mecanizadosaxpe.com\/wp-content\/uploads\/2011\/12\/sierra-de-cinta-horizontal-automatica-511460.jpg\"><img loading=\"lazy\" decoding=\"async\" class=\"alignleft wp-image-281\" title=\"sierra-de-cinta-horizontal-automatica-511460\" src=\"http:\/\/www.mecanizadosaxpe.com\/wp-content\/uploads\/2011\/12\/sierra-de-cinta-horizontal-automatica-511460.jpg\" alt=\"\" width=\"180\" height=\"134\" \/><\/a><\/td>\n<td><strong>Sierra CNC autom\u00e1tica DAITO 260 <\/strong>con avance autom\u00e1tico de barra.<\/td>\n<\/tr>\n<tr>\n<td><a href=\"http:\/\/www.mecanizadosaxpe.com\/wp-content\/uploads\/2011\/12\/MediosMedicion.jpg\"><img loading=\"lazy\" decoding=\"async\" class=\"alignleft wp-image-282\" title=\"MediosMedicion\" src=\"http:\/\/www.mecanizadosaxpe.com\/wp-content\/uploads\/2011\/12\/MediosMedicion-300x225.jpg\" alt=\"\" width=\"180\" height=\"135\" srcset=\"https:\/\/mecanizadosaxpe.com\/wp-content\/uploads\/2011\/12\/MediosMedicion-300x225.jpg 300w, https:\/\/mecanizadosaxpe.com\/wp-content\/uploads\/2011\/12\/MediosMedicion-400x300.jpg 400w, https:\/\/mecanizadosaxpe.com\/wp-content\/uploads\/2011\/12\/MediosMedicion.jpg 500w\" sizes=\"auto, (max-width: 180px) 100vw, 180px\" \/><\/a><\/td>\n<td><strong>Medios de medici\u00f3n<\/strong>: Columna Mitutoyo 700 mm, para medicion de alturas, di\u00e1metros y distancias entre centros. Micr\u00f3metros Exteriores 0-500. Micr\u00f3metros Interiores 0-300. Calibres, calas.<\/td>\n<\/tr>\n<\/tbody>\n<\/table>\n<p><\/p>","protected":false},"excerpt":{"rendered":"<p>Nuestra metodolog\u00eda de trabajo es simple y eficaz, siempre orientada a conseguir la plena satisfacci\u00f3n del cliente mediante el cumplimiento del nivel de calidad, la respuesta a los requerimientos y la entrega en plazos. Inicio de proyecto: Preparaci\u00f3n de presupuesto &hellip; <a href=\"https:\/\/mecanizadosaxpe.com\/es\/medios-productivos\/\">Sigue leyendo <span class=\"meta-nav\">&rarr;<\/span><\/a><\/p>\n","protected":false},"author":2,"featured_media":0,"parent":0,"menu_order":0,"comment_status":"open","ping_status":"closed","template":"content-page-sinplea.php","meta":{"footnotes":""},"class_list":["post-8","page","type-page","status-publish","hentry"],"yoast_head":"<!-- This site is optimized with the Yoast SEO plugin v27.4 - https:\/\/yoast.com\/product\/yoast-seo-wordpress\/ -->\n<title>Medios productivos - Mecanizados Axpe<\/title>\n<meta name=\"robots\" content=\"index, follow, max-snippet:-1, max-image-preview:large, max-video-preview:-1\" \/>\n<link rel=\"canonical\" href=\"https:\/\/www.mecanizadosaxpe.com\/en\/production-methods\/\" \/>\n<meta property=\"og:locale\" content=\"es_ES\" \/>\n<meta property=\"og:type\" content=\"article\" \/>\n<meta property=\"og:title\" content=\"Medios productivos - Mecanizados Axpe\" \/>\n<meta property=\"og:description\" content=\"Nuestra metodolog\u00eda de trabajo es simple y eficaz, siempre orientada a conseguir la plena satisfacci\u00f3n del cliente mediante el cumplimiento del nivel de calidad, la respuesta a los requerimientos y la entrega en plazos. Inicio de proyecto: Preparaci\u00f3n de presupuesto &hellip; Sigue leyendo &rarr;\" \/>\n<meta property=\"og:url\" content=\"https:\/\/www.mecanizadosaxpe.com\/en\/production-methods\/\" \/>\n<meta property=\"og:site_name\" content=\"Mecanizados Axpe\" \/>\n<meta property=\"article:modified_time\" content=\"2016-05-09T07:42:17+00:00\" \/>\n<meta property=\"og:image\" content=\"http:\/\/www.mecanizadosaxpe.com\/wp-content\/uploads\/2011\/12\/quehacemos_produccion.jpg\" \/>\n<meta name=\"twitter:card\" content=\"summary_large_image\" \/>\n<meta name=\"twitter:label1\" content=\"Est. reading time\" \/>\n\t<meta name=\"twitter:data1\" content=\"3 minutos\" \/>\n<script type=\"application\/ld+json\" class=\"yoast-schema-graph\">{\"@context\":\"https:\\\/\\\/schema.org\",\"@graph\":[{\"@type\":\"WebPage\",\"@id\":\"https:\\\/\\\/www.mecanizadosaxpe.com\\\/en\\\/production-methods\\\/\",\"url\":\"https:\\\/\\\/www.mecanizadosaxpe.com\\\/en\\\/production-methods\\\/\",\"name\":\"Medios productivos - Mecanizados Axpe\",\"isPartOf\":{\"@id\":\"https:\\\/\\\/www.mecanizadosaxpe.com\\\/eu\\\/#website\"},\"primaryImageOfPage\":{\"@id\":\"https:\\\/\\\/www.mecanizadosaxpe.com\\\/en\\\/production-methods\\\/#primaryimage\"},\"image\":{\"@id\":\"https:\\\/\\\/www.mecanizadosaxpe.com\\\/en\\\/production-methods\\\/#primaryimage\"},\"thumbnailUrl\":\"http:\\\/\\\/www.mecanizadosaxpe.com\\\/wp-content\\\/uploads\\\/2011\\\/12\\\/quehacemos_produccion.jpg\",\"datePublished\":\"2011-12-13T15:49:48+00:00\",\"dateModified\":\"2016-05-09T07:42:17+00:00\",\"breadcrumb\":{\"@id\":\"https:\\\/\\\/www.mecanizadosaxpe.com\\\/en\\\/production-methods\\\/#breadcrumb\"},\"inLanguage\":\"es\",\"potentialAction\":[{\"@type\":\"ReadAction\",\"target\":[\"https:\\\/\\\/www.mecanizadosaxpe.com\\\/en\\\/production-methods\\\/\"]}]},{\"@type\":\"ImageObject\",\"inLanguage\":\"es\",\"@id\":\"https:\\\/\\\/www.mecanizadosaxpe.com\\\/en\\\/production-methods\\\/#primaryimage\",\"url\":\"http:\\\/\\\/www.mecanizadosaxpe.com\\\/wp-content\\\/uploads\\\/2011\\\/12\\\/quehacemos_produccion.jpg\",\"contentUrl\":\"http:\\\/\\\/www.mecanizadosaxpe.com\\\/wp-content\\\/uploads\\\/2011\\\/12\\\/quehacemos_produccion.jpg\"},{\"@type\":\"BreadcrumbList\",\"@id\":\"https:\\\/\\\/www.mecanizadosaxpe.com\\\/en\\\/production-methods\\\/#breadcrumb\",\"itemListElement\":[{\"@type\":\"ListItem\",\"position\":1,\"name\":\"Portada\",\"item\":\"https:\\\/\\\/www.mecanizadosaxpe.com\\\/eu\\\/\"},{\"@type\":\"ListItem\",\"position\":2,\"name\":\"Production methods\"}]},{\"@type\":\"WebSite\",\"@id\":\"https:\\\/\\\/www.mecanizadosaxpe.com\\\/eu\\\/#website\",\"url\":\"https:\\\/\\\/www.mecanizadosaxpe.com\\\/eu\\\/\",\"name\":\"Mecanizados Axpe\",\"description\":\"\",\"potentialAction\":[{\"@type\":\"SearchAction\",\"target\":{\"@type\":\"EntryPoint\",\"urlTemplate\":\"https:\\\/\\\/www.mecanizadosaxpe.com\\\/eu\\\/?s={search_term_string}\"},\"query-input\":{\"@type\":\"PropertyValueSpecification\",\"valueRequired\":true,\"valueName\":\"search_term_string\"}}],\"inLanguage\":\"es\"}]}<\/script>\n<!-- \/ Yoast SEO plugin. -->","yoast_head_json":{"title":"Medios productivos - Mecanizados Axpe","robots":{"index":"index","follow":"follow","max-snippet":"max-snippet:-1","max-image-preview":"max-image-preview:large","max-video-preview":"max-video-preview:-1"},"canonical":"https:\/\/www.mecanizadosaxpe.com\/en\/production-methods\/","og_locale":"es_ES","og_type":"article","og_title":"Medios productivos - Mecanizados Axpe","og_description":"Nuestra metodolog\u00eda de trabajo es simple y eficaz, siempre orientada a conseguir la plena satisfacci\u00f3n del cliente mediante el cumplimiento del nivel de calidad, la respuesta a los requerimientos y la entrega en plazos. Inicio de proyecto: Preparaci\u00f3n de presupuesto &hellip; Sigue leyendo &rarr;","og_url":"https:\/\/www.mecanizadosaxpe.com\/en\/production-methods\/","og_site_name":"Mecanizados Axpe","article_modified_time":"2016-05-09T07:42:17+00:00","og_image":[{"url":"http:\/\/www.mecanizadosaxpe.com\/wp-content\/uploads\/2011\/12\/quehacemos_produccion.jpg","type":"","width":"","height":""}],"twitter_card":"summary_large_image","twitter_misc":{"Est. reading time":"3 minutos"},"schema":{"@context":"https:\/\/schema.org","@graph":[{"@type":"WebPage","@id":"https:\/\/www.mecanizadosaxpe.com\/en\/production-methods\/","url":"https:\/\/www.mecanizadosaxpe.com\/en\/production-methods\/","name":"Medios productivos - Mecanizados Axpe","isPartOf":{"@id":"https:\/\/www.mecanizadosaxpe.com\/eu\/#website"},"primaryImageOfPage":{"@id":"https:\/\/www.mecanizadosaxpe.com\/en\/production-methods\/#primaryimage"},"image":{"@id":"https:\/\/www.mecanizadosaxpe.com\/en\/production-methods\/#primaryimage"},"thumbnailUrl":"http:\/\/www.mecanizadosaxpe.com\/wp-content\/uploads\/2011\/12\/quehacemos_produccion.jpg","datePublished":"2011-12-13T15:49:48+00:00","dateModified":"2016-05-09T07:42:17+00:00","breadcrumb":{"@id":"https:\/\/www.mecanizadosaxpe.com\/en\/production-methods\/#breadcrumb"},"inLanguage":"es","potentialAction":[{"@type":"ReadAction","target":["https:\/\/www.mecanizadosaxpe.com\/en\/production-methods\/"]}]},{"@type":"ImageObject","inLanguage":"es","@id":"https:\/\/www.mecanizadosaxpe.com\/en\/production-methods\/#primaryimage","url":"http:\/\/www.mecanizadosaxpe.com\/wp-content\/uploads\/2011\/12\/quehacemos_produccion.jpg","contentUrl":"http:\/\/www.mecanizadosaxpe.com\/wp-content\/uploads\/2011\/12\/quehacemos_produccion.jpg"},{"@type":"BreadcrumbList","@id":"https:\/\/www.mecanizadosaxpe.com\/en\/production-methods\/#breadcrumb","itemListElement":[{"@type":"ListItem","position":1,"name":"Portada","item":"https:\/\/www.mecanizadosaxpe.com\/eu\/"},{"@type":"ListItem","position":2,"name":"Production methods"}]},{"@type":"WebSite","@id":"https:\/\/www.mecanizadosaxpe.com\/eu\/#website","url":"https:\/\/www.mecanizadosaxpe.com\/eu\/","name":"Mecanizados Axpe","description":"","potentialAction":[{"@type":"SearchAction","target":{"@type":"EntryPoint","urlTemplate":"https:\/\/www.mecanizadosaxpe.com\/eu\/?s={search_term_string}"},"query-input":{"@type":"PropertyValueSpecification","valueRequired":true,"valueName":"search_term_string"}}],"inLanguage":"es"}]}},"_links":{"self":[{"href":"https:\/\/mecanizadosaxpe.com\/es\/wp-json\/wp\/v2\/pages\/8","targetHints":{"allow":["GET"]}}],"collection":[{"href":"https:\/\/mecanizadosaxpe.com\/es\/wp-json\/wp\/v2\/pages"}],"about":[{"href":"https:\/\/mecanizadosaxpe.com\/es\/wp-json\/wp\/v2\/types\/page"}],"author":[{"embeddable":true,"href":"https:\/\/mecanizadosaxpe.com\/es\/wp-json\/wp\/v2\/users\/2"}],"replies":[{"embeddable":true,"href":"https:\/\/mecanizadosaxpe.com\/es\/wp-json\/wp\/v2\/comments?post=8"}],"version-history":[{"count":79,"href":"https:\/\/mecanizadosaxpe.com\/es\/wp-json\/wp\/v2\/pages\/8\/revisions"}],"predecessor-version":[{"id":422,"href":"https:\/\/mecanizadosaxpe.com\/es\/wp-json\/wp\/v2\/pages\/8\/revisions\/422"}],"wp:attachment":[{"href":"https:\/\/mecanizadosaxpe.com\/es\/wp-json\/wp\/v2\/media?parent=8"}],"curies":[{"name":"wp","href":"https:\/\/api.w.org\/{rel}","templated":true}]}}